{"id":2,"date":"2023-01-05T19:38:22","date_gmt":"2023-01-05T19:38:22","guid":{"rendered":"http:\/\/edeseaw.cluster031.hosting.ovh.net\/?page_id=2"},"modified":"2023-02-06T19:37:17","modified_gmt":"2023-02-06T19:37:17","slug":"pagina-ejemplo","status":"publish","type":"page","link":"https:\/\/www.gaiabeautycenter.com\/","title":{"rendered":"Inicio"},"content":{"rendered":"\n<figure class=\"wp-block-pullquote\"><blockquote><p>Ga\u00efa, diosa de la tierra y la naturaleza, seg\u00fan la mitolog\u00eda griega, Ga\u00efa, que exist\u00eda ya en los albores de la creaci\u00f3n, naci\u00f3 del caos, fue considerada la diosa de la fertilidad sin lugar a dudas porque ella era muy f\u00e9rtil. Tras su aparici\u00f3n a partir del caos, Ga\u00efa dio luz a Ponto (el mar), a Urano (el cielo) y a los Ourea (las monta\u00f1as), fue madre de estos hijos sin intervenci\u00f3n masculina alguna. Gaia para m\u00ed es el comienzo, el deseo, el sue\u00f1o de plantar una semilla de belleza en las personas que nos visiten en este centro y as\u00ed crear un cielo para cada una de ellas porque la naturaleza no es perfecta pero a\u00fan as\u00ed es bella y eso queremos brindar.<br>Muchas gracias por dejarnos plantar esta semilla esperando que florezcan las m\u00e1s bellas flores.<\/p><cite>&#8211; Cristina &#8211;<\/cite><\/blockquote><\/figure>\n","protected":false},"excerpt":{"rendered":"<p>Ga\u00efa, diosa de la tierra y la naturaleza, seg\u00fan la mitolog\u00eda griega, Ga\u00efa, que exist\u00eda ya en los albores de la creaci\u00f3n, naci\u00f3 del caos, fue considerada la diosa de la fertilidad sin lugar a dudas porque ella era muy f\u00e9rtil. Tras su aparici\u00f3n a partir del caos, Ga\u00efa dio luz a Ponto (el mar), a Urano (el cielo) y a los Ourea (las monta\u00f1as), fue madre de estos hijos sin intervenci\u00f3n masculina alguna. Gaia para m\u00ed es el comienzo, el deseo, el sue\u00f1o de plantar una semilla de belleza en las personas que nos visiten en este centro y as\u00ed crear un cielo para cada una de ellas porque la naturaleza no es perfecta pero a\u00fan as\u00ed es bella y eso queremos brindar.Muchas gracias por dejarnos plantar esta semilla esperando que florezcan las m\u00e1s bellas flores. &#8211; Cristina &#8211;<\/p>\n","protected":false},"author":1,"featured_media":0,"parent":0,"menu_order":1,"comment_status":"closed","ping_status":"closed","template":"","meta":{"footnotes":""},"class_list":["post-2","page","type-page","status-publish","hentry"],"_links":{"self":[{"href":"https:\/\/www.gaiabeautycenter.com\/index.php\/wp-json\/wp\/v2\/pages\/2","targetHints":{"allow":["GET"]}}],"collection":[{"href":"https:\/\/www.gaiabeautycenter.com\/index.php\/wp-json\/wp\/v2\/pages"}],"about":[{"href":"https:\/\/www.gaiabeautycenter.com\/index.php\/wp-json\/wp\/v2\/types\/page"}],"author":[{"embeddable":true,"href":"https:\/\/www.gaiabeautycenter.com\/index.php\/wp-json\/wp\/v2\/users\/1"}],"replies":[{"embeddable":true,"href":"https:\/\/www.gaiabeautycenter.com\/index.php\/wp-json\/wp\/v2\/comments?post=2"}],"version-history":[{"count":11,"href":"https:\/\/www.gaiabeautycenter.com\/index.php\/wp-json\/wp\/v2\/pages\/2\/revisions"}],"predecessor-version":[{"id":273,"href":"https:\/\/www.gaiabeautycenter.com\/index.php\/wp-json\/wp\/v2\/pages\/2\/revisions\/273"}],"wp:attachment":[{"href":"https:\/\/www.gaiabeautycenter.com\/index.php\/wp-json\/wp\/v2\/media?parent=2"}],"curies":[{"name":"wp","href":"https:\/\/api.w.org\/{rel}","templated":true}]}}